{"id":5212,"date":"2021-08-25T07:26:28","date_gmt":"2021-08-25T07:26:28","guid":{"rendered":"http:\/\/dummy.xtemos.com\/woodmart2\/?page_id=5212"},"modified":"2024-06-05T10:21:52","modified_gmt":"2024-06-05T13:21:52","slug":"coberturas","status":"publish","type":"page","link":"https:\/\/www.araujocruzseguros.com.br\/index.php\/coberturas\/","title":{"rendered":"coberturas"},"content":{"rendered":"<section class=\"wpb-content-wrapper\"><p>[vc_row][vc_column]\n\t\t<div id=\"wd-6650f18ba9891\" class=\"title-wrapper wd-wpb set-mb-s reset-last-child  wd-rs-6650f18ba9891 wd-title-color-primary wd-title-style-default text-left vc_custom_1716580784462 wd-width-enabled wd-underline-colored\" style=\"--wd-max-width: 90%;\">\n\t\t\t\t\t\t\t<div class=\"title-subtitle  subtitle-color-primary font-default subtitle-style-default wd-font-weight-600 wd-fontsize-xs\">Araujo Cruz Seguros<\/div>\n\t\t\t\n\t\t\t<div class=\"liner-continer\">\n\t\t\t\t<h4 class=\"woodmart-title-container title  wd-font-weight- wd-fontsize-xxl\" >Conhe\u00e7a as principais coberturas<\/h4>\n\t\t\t\t\t\t\t<\/div>\n\t\t\t\n\t\t\t\n\t\t\t\n\t\t<\/div>\n\t\t\n\t\t[vc_empty_space woodmart_hide_large=&#8221;0&#8243; woodmart_hide_medium=&#8221;0&#8243; woodmart_hide_small=&#8221;0&#8243;][\/vc_column][\/vc_row][vc_row][vc_column width=&#8221;1\/5&#8243;]\t\t\t<div class=\"info-box-wrapper\">\n\t\t\t\t<div id=\"wd-6660664860228\" class=\" wd-rs-6660664860228 cursor-pointer wd-info-box wd-wpb text-left box-icon-align-left box-style- color-scheme- wd-bg-none vc_custom_1717593681891\"  onclick=\"window.location.href=&quot;#&quot;\"  >\n\t\t\t\t\t\t\t\t\t\t<div class=\"info-box-content\">\n\t\t\t\t\t\t<h4 class=\"info-box-title title wd-font-weight- box-title-style-default wd-fontsize-m\">Seguro de vida:<\/h4>\t\t\t\t\t\t<div class=\"info-box-inner set-cont-mb-s reset-last-child\">\n\t\t\t\t\t\t\t<p>&#8211; Morte (qualquer causa)<br \/>\n&#8211; \u2060Invalidez por acidente<br \/>\n&#8211; \u2060Antecipa\u00e7\u00e3o por doen\u00e7a<br \/>\n&#8211; \u2060Doen\u00e7as graves<br \/>\n&#8211; \u2060Aux\u00edlio funeral<br \/>\n&#8211; \u2060Entre outros<\/p>\n\t\t\t\t\t\t<\/div>\n\n\t\t\t\t\t\t\t\t\t\t\t<\/div>\n\n\t\t\t\t\t\t\t\t\t<\/div>\n\t\t\t<\/div>\n\t\t[\/vc_column][vc_column width=&#8221;1\/5&#8243;]\t\t\t<div class=\"info-box-wrapper\">\n\t\t\t\t<div id=\"wd-665112e865d87\" class=\" wd-rs-665112e865d87 cursor-pointer wd-info-box wd-wpb text-left box-icon-align-left box-style- color-scheme- wd-bg-none vc_custom_1716589294974\"  onclick=\"window.location.href=&quot;#&quot;\"  >\n\t\t\t\t\t\t\t\t\t\t<div class=\"info-box-content\">\n\t\t\t\t\t\t<h4 class=\"info-box-title title wd-font-weight- box-title-style-default wd-fontsize-m\">Seguro residencial:<\/h4>\t\t\t\t\t\t<div class=\"info-box-inner set-cont-mb-s reset-last-child\">\n\t\t\t\t\t\t\t<p>&#8211; Inc\u00eandio<br \/>\n&#8211; \u2060Danos el\u00e9tricos<br \/>\n&#8211; \u2060Responsabilidade civil familiar<br \/>\n&#8211; \u2060Quebra de vidros<br \/>\n&#8211; Vazamento de tubula\u00e7\u00f5es<br \/>\n&#8211; \u2060Entre outros<\/p>\n\t\t\t\t\t\t<\/div>\n\n\t\t\t\t\t\t\t\t\t\t\t<\/div>\n\n\t\t\t\t\t\t\t\t\t<\/div>\n\t\t\t<\/div>\n\t\t[\/vc_column][vc_column width=&#8221;1\/5&#8243;]\t\t\t<div class=\"info-box-wrapper\">\n\t\t\t\t<div id=\"wd-66606656c54c7\" class=\" wd-rs-66606656c54c7 cursor-pointer wd-info-box wd-wpb text-left box-icon-align-left box-style- color-scheme- wd-bg-none vc_custom_1717593694347\"  onclick=\"window.location.href=&quot;#&quot;\"  >\n\t\t\t\t\t\t\t\t\t\t<div class=\"info-box-content\">\n\t\t\t\t\t\t<h4 class=\"info-box-title title wd-font-weight- box-title-style-default wd-fontsize-m\">Seguro auto\/frota:<\/h4>\t\t\t\t\t\t<div class=\"info-box-inner set-cont-mb-s reset-last-child\">\n\t\t\t\t\t\t\t<p>&#8211; Compreensiva (colis\u00e3o, inc\u00eandio e roubo)<br \/>\n&#8211; \u2060Danos a terceiros<br \/>\n&#8211; \u2060Quebra de vidros<br \/>\n&#8211; \u2060Assist\u00eancia 24 horas<br \/>\n&#8211; Pequenos reparos<br \/>\n&#8211; Entre outros<\/p>\n\t\t\t\t\t\t<\/div>\n\n\t\t\t\t\t\t\t\t\t\t\t<\/div>\n\n\t\t\t\t\t\t\t\t\t<\/div>\n\t\t\t<\/div>\n\t\t[\/vc_column][vc_column width=&#8221;1\/5&#8243;]\t\t\t<div class=\"info-box-wrapper\">\n\t\t\t\t<div id=\"wd-66606662194d7\" class=\" wd-rs-66606662194d7 cursor-pointer wd-info-box wd-wpb text-left box-icon-align-left box-style- color-scheme- wd-bg-none vc_custom_1717593705185\"  onclick=\"window.location.href=&quot;#&quot;\"  >\n\t\t\t\t\t\t\t\t\t\t<div class=\"info-box-content\">\n\t\t\t\t\t\t<h4 class=\"info-box-title title wd-font-weight- box-title-style-default wd-fontsize-m\">Seguro empresarial:<\/h4>\t\t\t\t\t\t<div class=\"info-box-inner set-cont-mb-s reset-last-child\">\n\t\t\t\t\t\t\t<p>&#8211; Inc\u00eandio<br \/>\n&#8211; \u2060Quebra de vidros<br \/>\n&#8211; \u2060Danos el\u00e9tricos<br \/>\n&#8211; \u2060Equipamentos<br \/>\n&#8211; \u2060Lucros cessantes<br \/>\n&#8211; \u2060Entre outros<\/p>\n\t\t\t\t\t\t<\/div>\n\n\t\t\t\t\t\t\t\t\t\t\t<\/div>\n\n\t\t\t\t\t\t\t\t\t<\/div>\n\t\t\t<\/div>\n\t\t[\/vc_column][vc_column width=&#8221;1\/5&#8243;]\t\t\t<div class=\"info-box-wrapper\">\n\t\t\t\t<div id=\"wd-6650f46a95dd6\" class=\" wd-rs-6650f46a95dd6 cursor-pointer wd-info-box wd-wpb text-left box-icon-align-left box-style- color-scheme- wd-bg-none vc_custom_1716581487126\"  onclick=\"window.location.href=&quot;#&quot;\"  >\n\t\t\t\t\t\t\t\t\t\t<div class=\"info-box-content\">\n\t\t\t\t\t\t<h4 class=\"info-box-title title wd-font-weight- box-title-style-default wd-fontsize-m\">Responsabilidade Civil:<\/h4>\t\t\t\t\t\t<div class=\"info-box-inner set-cont-mb-s reset-last-child\">\n\t\t\t\t\t\t\t<p>Coberturas personalizadas para cada atividade.<\/p>\n\t\t\t\t\t\t<\/div>\n\n\t\t\t\t\t\t\t\t\t\t\t<\/div>\n\n\t\t\t\t\t\t\t\t\t<\/div>\n\t\t\t<\/div>\n\t\t[\/vc_column][\/vc_row]<\/p>\n<\/section>","protected":false},"excerpt":{"rendered":"<p>[vc_row][vc_column][vc_empty_space woodmart_hide_large=&#8221;0&#8243; woodmart_hide_medium=&#8221;0&#8243; woodmart_hide_small=&#8221;0&#8243;][\/vc_column][\/vc_row][vc_row][vc_column width=&#8221;1\/5&#8243;][\/vc_column][vc_column width=&#8221;1\/5&#8243;][\/vc_column][vc_column width=&#8221;1\/5&#8243;][\/vc_column][vc_column width=&#8221;1\/5&#8243;][\/vc_column][vc_column width=&#8221;1\/5&#8243;][\/vc_column][\/vc_row]<\/p>\n","protected":false},"author":1,"featured_media":0,"parent":0,"menu_order":0,"comment_status":"closed","ping_status":"closed","template":"","meta":{"footnotes":""},"_links":{"self":[{"href":"https:\/\/www.araujocruzseguros.com.br\/index.php\/wp-json\/wp\/v2\/pages\/5212"}],"collection":[{"href":"https:\/\/www.araujocruzseguros.com.br\/index.php\/wp-json\/wp\/v2\/pages"}],"about":[{"href":"https:\/\/www.araujocruzseguros.com.br\/index.php\/wp-json\/wp\/v2\/types\/page"}],"author":[{"embeddable":true,"href":"https:\/\/www.araujocruzseguros.com.br\/index.php\/wp-json\/wp\/v2\/users\/1"}],"replies":[{"embeddable":true,"href":"https:\/\/www.araujocruzseguros.com.br\/index.php\/wp-json\/wp\/v2\/comments?post=5212"}],"version-history":[{"count":15,"href":"https:\/\/www.araujocruzseguros.com.br\/index.php\/wp-json\/wp\/v2\/pages\/5212\/revisions"}],"predecessor-version":[{"id":7182,"href":"https:\/\/www.araujocruzseguros.com.br\/index.php\/wp-json\/wp\/v2\/pages\/5212\/revisions\/7182"}],"wp:attachment":[{"href":"https:\/\/www.araujocruzseguros.com.br\/index.php\/wp-json\/wp\/v2\/media?parent=5212"}],"curies":[{"name":"wp","href":"https:\/\/api.w.org\/{rel}","templated":true}]}}